{"id":1040,"date":"2024-07-04T23:33:13","date_gmt":"2024-07-05T02:33:13","guid":{"rendered":"http:\/\/nep.local\/?page_id=1040"},"modified":"2024-08-28T14:54:25","modified_gmt":"2024-08-28T17:54:25","slug":"agenda-digital","status":"publish","type":"page","link":"https:\/\/fluenciadigital.com\/escolanep\/agenda-digital\/","title":{"rendered":"NEP Praia da Costa e Itaparica &#8211; Agenda Digital"},"content":{"rendered":"\t\t<div data-elementor-type=\"wp-page\" data-elementor-id=\"1040\" class=\"elementor elementor-1040\" data-elementor-settings=\"{&quot;ha_cmc_init_switcher&quot;:&quot;no&quot;}\">\n\t\t\t\t<div class=\"elementor-element elementor-element-8098ac8 e-flex e-con-boxed e-con e-parent\" data-id=\"8098ac8\" data-element_type=\"container\" data-settings=\"{&quot;background_background&quot;:&quot;classic&quot;,&quot;_ha_eqh_enable&quot;:false}\">\n\t\t\t\t\t<div class=\"e-con-inner\">\n\t\t\t\t<div class=\"elementor-element elementor-element-ea13775 elementor-widget elementor-widget-heading\" data-id=\"ea13775\" data-element_type=\"widget\" data-widget_type=\"heading.default\">\n\t\t\t\t<div class=\"elementor-widget-container\">\n\t\t\t\t\t<h2 class=\"elementor-heading-title elementor-size-default\">Agenda Digital <\/h2>\t\t\t\t<\/div>\n\t\t\t\t<\/div>\n\t\t<div class=\"elementor-element elementor-element-58af188 e-con-full e-flex e-con e-child\" data-id=\"58af188\" data-element_type=\"container\" data-settings=\"{&quot;_ha_eqh_enable&quot;:false}\">\n\t\t\t\t<div class=\"elementor-element elementor-element-f30f453 elementor-widget elementor-widget-text-editor\" data-id=\"f30f453\" data-element_type=\"widget\" data-widget_type=\"text-editor.default\">\n\t\t\t\t<div class=\"elementor-widget-container\">\n\t\t\t\t\t\t\t\t\t<p class=\"CDt4Ke zfr3Q\" dir=\"ltr\">Para fazer o download do aplicativo \u00e9 s\u00f3 procurar por ClassApp na sua loja de aplicativos no seu dispositivo m\u00f3vel e escolher entrar com o e-mail fornecido pelos respons\u00e1veis no ato da matricula.\u00a0<br \/><br \/>Tamb\u00e9m \u00e9 poss\u00edvel cessar pelo navegador do seu computador atrav\u00e9s do bot\u00e3o com o link abaixo.<\/p>\t\t\t\t\t\t\t\t<\/div>\n\t\t\t\t<\/div>\n\t\t<div class=\"elementor-element elementor-element-f3de1ca e-con-full e-flex e-con e-child\" data-id=\"f3de1ca\" data-element_type=\"container\" data-settings=\"{&quot;_ha_eqh_enable&quot;:false}\">\n\t\t\t\t<div class=\"elementor-element elementor-element-692b9f8 elementor-widget elementor-widget-button\" data-id=\"692b9f8\" data-element_type=\"widget\" data-widget_type=\"button.default\">\n\t\t\t\t<div class=\"elementor-widget-container\">\n\t\t\t\t\t\t\t\t\t<div class=\"elementor-button-wrapper\">\n\t\t\t\t\t<a class=\"elementor-button elementor-button-link elementor-size-sm\" href=\"https:\/\/classapp.com.br\/auth\" target=\"_blank\" rel=\"noopener noreferrer nofollow\">\n\t\t\t\t\t\t<span class=\"elementor-button-content-wrapper\">\n\t\t\t\t\t\t\t\t\t<span class=\"elementor-button-text\">Acesso pelo navegador<\/span>\n\t\t\t\t\t<\/span>\n\t\t\t\t\t<\/a>\n\t\t\t\t<\/div>\n\t\t\t\t\t\t\t\t<\/div>\n\t\t\t\t<\/div>\n\t\t\t\t<div class=\"elementor-element elementor-element-ef34147 elementor-widget elementor-widget-button\" data-id=\"ef34147\" data-element_type=\"widget\" data-widget_type=\"button.default\">\n\t\t\t\t<div class=\"elementor-widget-container\">\n\t\t\t\t\t\t\t\t\t<div class=\"elementor-button-wrapper\">\n\t\t\t\t\t<a class=\"elementor-button elementor-button-link elementor-size-sm\" href=\"https:\/\/play.google.com\/store\/apps\/details?id=br.com.classapp.ClassApp&#038;pcampaignid=web_share\" target=\"_blank\" rel=\"noopener noreferrer nofollow\">\n\t\t\t\t\t\t<span class=\"elementor-button-content-wrapper\">\n\t\t\t\t\t\t<span class=\"elementor-button-icon\">\n\t\t\t\t<svg aria-hidden=\"true\" class=\"e-font-icon-svg e-fab-google-play\" viewBox=\"0 0 512 512\" xmlns=\"http:\/\/www.w3.org\/2000\/svg\"><path d=\"M325.3 234.3L104.6 13l280.8 161.2-60.1 60.1zM47 0C34 6.8 25.3 19.2 25.3 35.3v441.3c0 16.1 8.7 28.5 21.7 35.3l256.6-256L47 0zm425.2 225.6l-58.9-34.1-65.7 64.5 65.7 64.5 60.1-34.1c18-14.3 18-46.5-1.2-60.8zM104.6 499l280.8-161.2-60.1-60.1L104.6 499z\"><\/path><\/svg>\t\t\t<\/span>\n\t\t\t\t\t\t\t\t\t<span class=\"elementor-button-text\">Google Play<\/span>\n\t\t\t\t\t<\/span>\n\t\t\t\t\t<\/a>\n\t\t\t\t<\/div>\n\t\t\t\t\t\t\t\t<\/div>\n\t\t\t\t<\/div>\n\t\t\t\t<div class=\"elementor-element elementor-element-14444d6 elementor-widget elementor-widget-button\" data-id=\"14444d6\" data-element_type=\"widget\" data-widget_type=\"button.default\">\n\t\t\t\t<div class=\"elementor-widget-container\">\n\t\t\t\t\t\t\t\t\t<div class=\"elementor-button-wrapper\">\n\t\t\t\t\t<a class=\"elementor-button elementor-button-link elementor-size-sm\" href=\"https:\/\/classapp.com.br\/auth\" target=\"_blank\" rel=\"noopener noreferrer nofollow\">\n\t\t\t\t\t\t<span class=\"elementor-button-content-wrapper\">\n\t\t\t\t\t\t<span class=\"elementor-button-icon\">\n\t\t\t\t<svg aria-hidden=\"true\" class=\"e-font-icon-svg e-fab-app-store\" viewBox=\"0 0 512 512\" xmlns=\"http:\/\/www.w3.org\/2000\/svg\"><path d=\"M255.9 120.9l9.1-15.7c5.6-9.8 18.1-13.1 27.9-7.5 9.8 5.6 13.1 18.1 7.5 27.9l-87.5 151.5h63.3c20.5 0 32 24.1 23.1 40.8H113.8c-11.3 0-20.4-9.1-20.4-20.4 0-11.3 9.1-20.4 20.4-20.4h52l66.6-115.4-20.8-36.1c-5.6-9.8-2.3-22.2 7.5-27.9 9.8-5.6 22.2-2.3 27.9 7.5l8.9 15.7zm-78.7 218l-19.6 34c-5.6 9.8-18.1 13.1-27.9 7.5-9.8-5.6-13.1-18.1-7.5-27.9l14.6-25.2c16.4-5.1 29.8-1.2 40.4 11.6zm168.9-61.7h53.1c11.3 0 20.4 9.1 20.4 20.4 0 11.3-9.1 20.4-20.4 20.4h-29.5l19.9 34.5c5.6 9.8 2.3 22.2-7.5 27.9-9.8 5.6-22.2 2.3-27.9-7.5-33.5-58.1-58.7-101.6-75.4-130.6-17.1-29.5-4.9-59.1 7.2-69.1 13.4 23 33.4 57.7 60.1 104zM256 8C119 8 8 119 8 256s111 248 248 248 248-111 248-248S393 8 256 8zm216 248c0 118.7-96.1 216-216 216-118.7 0-216-96.1-216-216 0-118.7 96.1-216 216-216 118.7 0 216 96.1 216 216z\"><\/path><\/svg>\t\t\t<\/span>\n\t\t\t\t\t\t\t\t\t<span class=\"elementor-button-text\">App Store<\/span>\n\t\t\t\t\t<\/span>\n\t\t\t\t\t<\/a>\n\t\t\t\t<\/div>\n\t\t\t\t\t\t\t\t<\/div>\n\t\t\t\t<\/div>\n\t\t\t\t<\/div>\n\t\t\t\t<\/div>\n\t\t\t\t\t<\/div>\n\t\t\t\t<\/div>\n\t\t\t\t<\/div>\n\t\t","protected":false},"excerpt":{"rendered":"<p>Agenda Digital Para fazer o download do aplicativo \u00e9 s\u00f3 procurar por ClassApp na sua loja de aplicativos no seu dispositivo m\u00f3vel e escolher entrar com o e-mail fornecido pelos respons\u00e1veis no ato da matricula.\u00a0 Tamb\u00e9m \u00e9 poss\u00edvel cessar pelo navegador do seu computador atrav\u00e9s do bot\u00e3o com o link abaixo. Acesso pelo navegador Google [&hellip;]<\/p>\n","protected":false},"author":1,"featured_media":0,"parent":0,"menu_order":0,"comment_status":"closed","ping_status":"closed","template":"elementor_theme","meta":{"_acf_changed":false,"footnotes":""},"class_list":["post-1040","page","type-page","status-publish","hentry"],"acf":[],"_links":{"self":[{"href":"https:\/\/fluenciadigital.com\/escolanep\/wp-json\/wp\/v2\/pages\/1040","targetHints":{"allow":["GET"]}}],"collection":[{"href":"https:\/\/fluenciadigital.com\/escolanep\/wp-json\/wp\/v2\/pages"}],"about":[{"href":"https:\/\/fluenciadigital.com\/escolanep\/wp-json\/wp\/v2\/types\/page"}],"author":[{"embeddable":true,"href":"https:\/\/fluenciadigital.com\/escolanep\/wp-json\/wp\/v2\/users\/1"}],"replies":[{"embeddable":true,"href":"https:\/\/fluenciadigital.com\/escolanep\/wp-json\/wp\/v2\/comments?post=1040"}],"version-history":[{"count":21,"href":"https:\/\/fluenciadigital.com\/escolanep\/wp-json\/wp\/v2\/pages\/1040\/revisions"}],"predecessor-version":[{"id":1463,"href":"https:\/\/fluenciadigital.com\/escolanep\/wp-json\/wp\/v2\/pages\/1040\/revisions\/1463"}],"wp:attachment":[{"href":"https:\/\/fluenciadigital.com\/escolanep\/wp-json\/wp\/v2\/media?parent=1040"}],"curies":[{"name":"wp","href":"https:\/\/api.w.org\/{rel}","templated":true}]}}