{"id":1342,"date":"2024-08-08T16:36:47","date_gmt":"2024-08-08T19:36:47","guid":{"rendered":"https:\/\/fluenciadigital.com\/escolanep\/?page_id=1342"},"modified":"2024-08-28T14:49:14","modified_gmt":"2024-08-28T17:49:14","slug":"nep-praia-da-costa-e-itaparica-trabalhe-conosco","status":"publish","type":"page","link":"https:\/\/fluenciadigital.com\/escolanep\/nep-praia-da-costa-e-itaparica-trabalhe-conosco\/","title":{"rendered":"NEP Praia da Costa e Itaparica &#8211; Trabalhe Conosco"},"content":{"rendered":"\t\t<div data-elementor-type=\"wp-page\" data-elementor-id=\"1342\" class=\"elementor elementor-1342\" data-elementor-settings=\"{&quot;ha_cmc_init_switcher&quot;:&quot;no&quot;}\">\n\t\t\t\t<div class=\"elementor-element elementor-element-8098ac8 e-flex e-con-boxed e-con e-parent\" data-id=\"8098ac8\" data-element_type=\"container\" data-settings=\"{&quot;background_background&quot;:&quot;classic&quot;,&quot;_ha_eqh_enable&quot;:false}\">\n\t\t\t\t\t<div class=\"e-con-inner\">\n\t\t\t\t<div class=\"elementor-element elementor-element-ea13775 elementor-widget elementor-widget-heading\" data-id=\"ea13775\" data-element_type=\"widget\" data-widget_type=\"heading.default\">\n\t\t\t\t<div class=\"elementor-widget-container\">\n\t\t\t\t\t<h2 class=\"elementor-heading-title elementor-size-default\">Trabalhe Conosco<\/h2>\t\t\t\t<\/div>\n\t\t\t\t<\/div>\n\t\t<div class=\"elementor-element elementor-element-58af188 e-con-full e-flex e-con e-child\" data-id=\"58af188\" data-element_type=\"container\" data-settings=\"{&quot;_ha_eqh_enable&quot;:false}\">\n\t\t\t\t<div class=\"elementor-element elementor-element-f30f453 elementor-widget__width-inherit elementor-widget elementor-widget-text-editor\" data-id=\"f30f453\" data-element_type=\"widget\" data-widget_type=\"text-editor.default\">\n\t\t\t\t<div class=\"elementor-widget-container\">\n\t\t\t\t\t\t\t\t\t<p>Ficamos muito felizes em saber que voc\u00ea quer fazer parte da nossa equipe!<\/p>\t\t\t\t\t\t\t\t<\/div>\n\t\t\t\t<\/div>\n\t\t<div class=\"elementor-element elementor-element-f3de1ca e-con-full e-flex e-con e-child\" data-id=\"f3de1ca\" data-element_type=\"container\" data-settings=\"{&quot;_ha_eqh_enable&quot;:false}\">\n\t\t\t\t<div class=\"elementor-element elementor-element-692b9f8 elementor-widget elementor-widget-button\" data-id=\"692b9f8\" data-element_type=\"widget\" data-widget_type=\"button.default\">\n\t\t\t\t<div class=\"elementor-widget-container\">\n\t\t\t\t\t\t\t\t\t<div class=\"elementor-button-wrapper\">\n\t\t\t\t\t<a class=\"elementor-button elementor-button-link elementor-size-sm\" href=\"https:\/\/docs.google.com\/forms\/d\/e\/1FAIpQLSek-mooh7TQWh6dzEswFOjLknU9x6xgnnXsivuhVRWPRyl6nA\/viewform\" target=\"_blank\" rel=\"noopener noreferrer nofollow\">\n\t\t\t\t\t\t<span class=\"elementor-button-content-wrapper\">\n\t\t\t\t\t\t\t\t\t<span class=\"elementor-button-text\">Acesso ao Formul\u00e1rio do Processo Seletivo<\/span>\n\t\t\t\t\t<\/span>\n\t\t\t\t\t<\/a>\n\t\t\t\t<\/div>\n\t\t\t\t\t\t\t\t<\/div>\n\t\t\t\t<\/div>\n\t\t\t\t<\/div>\n\t\t\t\t<div class=\"elementor-element elementor-element-43cc0f3 elementor-widget__width-inherit elementor-widget elementor-widget-text-editor\" data-id=\"43cc0f3\" data-element_type=\"widget\" data-widget_type=\"text-editor.default\">\n\t\t\t\t<div class=\"elementor-widget-container\">\n\t\t\t\t\t\t\t\t\t<p><em><span class=\"C9DxTc \">Caso a sua \u00e1rea n\u00e3o tenha processo seletivo em aberto, voc\u00ea ainda pode\u00a0<\/span><span class=\"C9DxTc \">enviar o seu curr\u00edculo. Entraremos em contato assim que surgir uma vaga que se encaixe no seu perfil.\u00a0<\/span><\/em><\/p>\t\t\t\t\t\t\t\t<\/div>\n\t\t\t\t<\/div>\n\t\t\t\t<\/div>\n\t\t\t\t\t<\/div>\n\t\t\t\t<\/div>\n\t\t\t\t<\/div>\n\t\t","protected":false},"excerpt":{"rendered":"<p>Trabalhe Conosco Ficamos muito felizes em saber que voc\u00ea quer fazer parte da nossa equipe! Acesso ao Formul\u00e1rio do Processo Seletivo Caso a sua \u00e1rea n\u00e3o tenha processo seletivo em aberto, voc\u00ea ainda pode\u00a0enviar o seu curr\u00edculo. Entraremos em contato assim que surgir uma vaga que se encaixe no seu perfil.\u00a0<\/p>\n","protected":false},"author":1,"featured_media":0,"parent":0,"menu_order":0,"comment_status":"closed","ping_status":"closed","template":"elementor_theme","meta":{"_acf_changed":false,"footnotes":""},"class_list":["post-1342","page","type-page","status-publish","hentry"],"acf":[],"_links":{"self":[{"href":"https:\/\/fluenciadigital.com\/escolanep\/wp-json\/wp\/v2\/pages\/1342","targetHints":{"allow":["GET"]}}],"collection":[{"href":"https:\/\/fluenciadigital.com\/escolanep\/wp-json\/wp\/v2\/pages"}],"about":[{"href":"https:\/\/fluenciadigital.com\/escolanep\/wp-json\/wp\/v2\/types\/page"}],"author":[{"embeddable":true,"href":"https:\/\/fluenciadigital.com\/escolanep\/wp-json\/wp\/v2\/users\/1"}],"replies":[{"embeddable":true,"href":"https:\/\/fluenciadigital.com\/escolanep\/wp-json\/wp\/v2\/comments?post=1342"}],"version-history":[{"count":13,"href":"https:\/\/fluenciadigital.com\/escolanep\/wp-json\/wp\/v2\/pages\/1342\/revisions"}],"predecessor-version":[{"id":1457,"href":"https:\/\/fluenciadigital.com\/escolanep\/wp-json\/wp\/v2\/pages\/1342\/revisions\/1457"}],"wp:attachment":[{"href":"https:\/\/fluenciadigital.com\/escolanep\/wp-json\/wp\/v2\/media?parent=1342"}],"curies":[{"name":"wp","href":"https:\/\/api.w.org\/{rel}","templated":true}]}}