{"id":1356,"date":"2024-08-08T17:32:35","date_gmt":"2024-08-08T20:32:35","guid":{"rendered":"https:\/\/fluenciadigital.com\/escolanep\/?page_id=1356"},"modified":"2024-08-08T18:27:33","modified_gmt":"2024-08-08T21:27:33","slug":"nep-praia-da-costa-e-itaparica-interesse-de-vaga","status":"publish","type":"page","link":"https:\/\/fluenciadigital.com\/escolanep\/nep-praia-da-costa-e-itaparica-interesse-de-vaga\/","title":{"rendered":"NEP Praia da Costa e Itaparica &#8211; Interesse de Vaga"},"content":{"rendered":"\t\t<div data-elementor-type=\"wp-page\" data-elementor-id=\"1356\" class=\"elementor elementor-1356\" data-elementor-settings=\"{&quot;ha_cmc_init_switcher&quot;:&quot;no&quot;}\">\n\t\t\t\t<div class=\"elementor-element elementor-element-8098ac8 e-flex e-con-boxed e-con e-parent\" data-id=\"8098ac8\" data-element_type=\"container\" data-settings=\"{&quot;background_background&quot;:&quot;classic&quot;,&quot;_ha_eqh_enable&quot;:false}\">\n\t\t\t\t\t<div class=\"e-con-inner\">\n\t\t<div class=\"elementor-element elementor-element-58af188 e-con-full e-flex e-con e-child\" data-id=\"58af188\" data-element_type=\"container\" data-settings=\"{&quot;_ha_eqh_enable&quot;:false}\">\n\t\t\t\t<div class=\"elementor-element elementor-element-ea13775 elementor-widget elementor-widget-heading\" data-id=\"ea13775\" data-element_type=\"widget\" data-widget_type=\"heading.default\">\n\t\t\t\t<div class=\"elementor-widget-container\">\n\t\t\t\t\t<h2 class=\"elementor-heading-title elementor-size-default\">Interesse de Vaga<\/h2>\t\t\t\t<\/div>\n\t\t\t\t<\/div>\n\t\t\t\t<div class=\"elementor-element elementor-element-f30f453 elementor-widget elementor-widget-text-editor\" data-id=\"f30f453\" data-element_type=\"widget\" data-widget_type=\"text-editor.default\">\n\t\t\t\t<div class=\"elementor-widget-container\">\n\t\t\t\t\t\t\t\t\t<p class=\"CDt4Ke zfr3Q\" dir=\"ltr\">Informe os seus dados para entrarmos em contato com voc\u00ea<\/p>\t\t\t\t\t\t\t\t<\/div>\n\t\t\t\t<\/div>\n\t\t\t\t<div class=\"elementor-element elementor-element-1838bf0 eael-wpforms-labels-yes eael-wpforms-form-button-custom elementor-widget elementor-widget-eael-wpforms\" data-id=\"1838bf0\" data-element_type=\"widget\" data-widget_type=\"eael-wpforms.default\">\n\t\t\t\t<div class=\"elementor-widget-container\">\n\t\t\t\t\t            <div class=\"eael-contact-form eael-wpforms eael-wpforms-align-default\">\n                                <div class=\"wpforms-container wpforms-container-full wpforms-render-modern\" id=\"wpforms-1336\"><form id=\"wpforms-form-1336\" class=\"wpforms-validate wpforms-form wpforms-ajax-form\" data-formid=\"1336\" method=\"post\" enctype=\"multipart\/form-data\" action=\"\/escolanep\/wp-json\/wp\/v2\/pages\/1356\" data-token=\"91e2d80d9a51f750a14d3aa772308e87\" data-token-time=\"1777031583\"><noscript class=\"wpforms-error-noscript\">Ative o JavaScript no seu navegador para preencher este formul\u00e1rio.<\/noscript><div class=\"wpforms-hidden\" id=\"wpforms-error-noscript\">Ative o JavaScript no seu navegador para preencher este formul\u00e1rio.<\/div><div class=\"wpforms-field-container\"><div id=\"wpforms-1336-field_1-container\" class=\"wpforms-field wpforms-field-text\" data-field-id=\"1\"><label class=\"wpforms-field-label\" for=\"wpforms-1336-field_1\">Nome completo do respons\u00e1vel <span class=\"wpforms-required-label\" aria-hidden=\"true\">*<\/span><\/label><input type=\"text\" id=\"wpforms-1336-field_1\" class=\"wpforms-field-medium wpforms-field-required\" name=\"wpforms[fields][1]\" aria-errormessage=\"wpforms-1336-field_1-error\" required><\/div><div id=\"wpforms-1336-field_2-container\" class=\"wpforms-field wpforms-field-number\" data-field-id=\"2\"><label class=\"wpforms-field-label\" for=\"wpforms-1336-field_2\">Telefone para contato <span class=\"wpforms-required-label\" aria-hidden=\"true\">*<\/span><\/label><input type=\"number\" id=\"wpforms-1336-field_2\" class=\"wpforms-field-medium wpforms-field-required\" name=\"wpforms[fields][2]\" step=\"any\" aria-errormessage=\"wpforms-1336-field_2-error\" required><\/div><div id=\"wpforms-1336-field_3-container\" class=\"wpforms-field wpforms-field-email\" data-field-id=\"3\"><label class=\"wpforms-field-label\" for=\"wpforms-1336-field_3\">E-mail para contato <span class=\"wpforms-required-label\" aria-hidden=\"true\">*<\/span><\/label><input type=\"email\" id=\"wpforms-1336-field_3\" class=\"wpforms-field-medium wpforms-field-required\" name=\"wpforms[fields][3]\" spellcheck=\"false\" aria-errormessage=\"wpforms-1336-field_3-error\" required><\/div><div id=\"wpforms-1336-field_9-container\" class=\"wpforms-field wpforms-field-radio wpforms-list-inline\" data-field-id=\"9\"><fieldset><legend class=\"wpforms-field-label\">Melhor hor\u00e1rio para contato? <span class=\"wpforms-required-label\" aria-hidden=\"true\">*<\/span><\/legend><ul id=\"wpforms-1336-field_9\" class=\"wpforms-field-required\"><li class=\"choice-1 depth-1\"><input type=\"radio\" id=\"wpforms-1336-field_9_1\" name=\"wpforms[fields][9]\" value=\"Manh\u00e3\" aria-errormessage=\"wpforms-1336-field_9_1-error\" required ><label class=\"wpforms-field-label-inline\" for=\"wpforms-1336-field_9_1\">Manh\u00e3<\/label><\/li><li class=\"choice-2 depth-1\"><input type=\"radio\" id=\"wpforms-1336-field_9_2\" name=\"wpforms[fields][9]\" value=\"Tarde\" aria-errormessage=\"wpforms-1336-field_9_2-error\" required ><label class=\"wpforms-field-label-inline\" for=\"wpforms-1336-field_9_2\">Tarde<\/label><\/li><li class=\"choice-3 depth-1\"><input type=\"radio\" id=\"wpforms-1336-field_9_3\" name=\"wpforms[fields][9]\" value=\"Ambos\" aria-errormessage=\"wpforms-1336-field_9_3-error\" required ><label class=\"wpforms-field-label-inline\" for=\"wpforms-1336-field_9_3\">Ambos<\/label><\/li><\/ul><\/fieldset><\/div><div id=\"wpforms-1336-field_17-container\" class=\"wpforms-field wpforms-field-text\" data-field-id=\"17\"><label class=\"wpforms-field-label\" for=\"wpforms-1336-field_17\">Ano letivo de interesse <span class=\"wpforms-required-label\" aria-hidden=\"true\">*<\/span><\/label><input type=\"text\" id=\"wpforms-1336-field_17\" class=\"wpforms-field-medium wpforms-field-required\" name=\"wpforms[fields][17]\" aria-errormessage=\"wpforms-1336-field_17-error\" required><\/div><div id=\"wpforms-1336-field_18-container\" class=\"wpforms-field wpforms-field-text\" data-field-id=\"18\"><label class=\"wpforms-field-label\" for=\"wpforms-1336-field_18\">Turma de interesse <span class=\"wpforms-required-label\" aria-hidden=\"true\">*<\/span><\/label><input type=\"text\" id=\"wpforms-1336-field_18\" class=\"wpforms-field-medium wpforms-field-required\" name=\"wpforms[fields][18]\" aria-errormessage=\"wpforms-1336-field_18-error\" required><\/div><div id=\"wpforms-1336-field_12-container\" class=\"wpforms-field wpforms-field-radio wpforms-list-inline\" data-field-id=\"12\"><fieldset><legend class=\"wpforms-field-label\">Unidade <span class=\"wpforms-required-label\" aria-hidden=\"true\">*<\/span><\/legend><ul id=\"wpforms-1336-field_12\" class=\"wpforms-field-required\"><li class=\"choice-1 depth-1\"><input type=\"radio\" id=\"wpforms-1336-field_12_1\" name=\"wpforms[fields][12]\" value=\"NEP - Praia da Costa\" aria-errormessage=\"wpforms-1336-field_12_1-error\" required ><label class=\"wpforms-field-label-inline\" for=\"wpforms-1336-field_12_1\">NEP - Praia da Costa<\/label><\/li><li class=\"choice-2 depth-1\"><input type=\"radio\" id=\"wpforms-1336-field_12_2\" name=\"wpforms[fields][12]\" value=\"NEP - Praia de Itaparica\" aria-errormessage=\"wpforms-1336-field_12_2-error\" required ><label class=\"wpforms-field-label-inline\" for=\"wpforms-1336-field_12_2\">NEP - Praia de Itaparica<\/label><\/li><\/ul><\/fieldset><\/div><div id=\"wpforms-1336-field_10-container\" class=\"wpforms-field wpforms-field-text\" data-field-id=\"10\"><label class=\"wpforms-field-label\" for=\"wpforms-1336-field_10\">Nome completo do aluno <span class=\"wpforms-required-label\" aria-hidden=\"true\">*<\/span><\/label><input type=\"text\" id=\"wpforms-1336-field_10\" class=\"wpforms-field-medium wpforms-field-required\" name=\"wpforms[fields][10]\" aria-errormessage=\"wpforms-1336-field_10-error\" required><\/div><div id=\"wpforms-1336-field_11-container\" class=\"wpforms-field wpforms-field-text\" data-field-id=\"11\"><label class=\"wpforms-field-label\" for=\"wpforms-1336-field_11\">Data de Nascimento do aluno <span class=\"wpforms-required-label\" aria-hidden=\"true\">*<\/span><\/label><input type=\"text\" id=\"wpforms-1336-field_11\" class=\"wpforms-field-medium wpforms-field-required\" name=\"wpforms[fields][11]\" aria-errormessage=\"wpforms-1336-field_11-error\" required><\/div><div id=\"wpforms-1336-field_14-container\" class=\"wpforms-field wpforms-field-text\" data-field-id=\"14\"><label class=\"wpforms-field-label\" for=\"wpforms-1336-field_14\">Escola de origem <span class=\"wpforms-required-label\" aria-hidden=\"true\">*<\/span><\/label><input type=\"text\" id=\"wpforms-1336-field_14\" class=\"wpforms-field-medium wpforms-field-required\" name=\"wpforms[fields][14]\" aria-errormessage=\"wpforms-1336-field_14-error\" required><\/div><\/div><!-- .wpforms-field-container --><div class=\"wpforms-submit-container\" ><input type=\"hidden\" name=\"wpforms[id]\" value=\"1336\"><input type=\"hidden\" name=\"page_title\" value=\"\"><input type=\"hidden\" name=\"page_url\" value=\"https:\/\/fluenciadigital.com\/escolanep\/wp-json\/wp\/v2\/pages\/1356\"><input type=\"hidden\" name=\"url_referer\" value=\"\"><button type=\"submit\" name=\"wpforms[submit]\" id=\"wpforms-submit-1336\" class=\"wpforms-submit\" data-alt-text=\"Enviando...\" data-submit-text=\"Enviar\" aria-live=\"assertive\" value=\"wpforms-submit\">Enviar<\/button><img decoding=\"async\" data-src=\"https:\/\/fluenciadigital.com\/escolanep\/wp-content\/plugins\/wpforms-lite\/assets\/images\/submit-spin.svg\" class=\"wpforms-submit-spinner lazyload\" style=\"--smush-placeholder-width: 26px; --smush-placeholder-aspect-ratio: 26\/26;display: none;\" width=\"26\" height=\"26\" alt=\"Carregando\" src=\"data:image\/gif;base64,R0lGODlhAQABAAAAACH5BAEKAAEALAAAAAABAAEAAAICTAEAOw==\"><\/div><\/form><\/div>  <!-- .wpforms-container -->            <\/div>\n\t\t\t\t<\/div>\n\t\t\t\t<\/div>\n\t\t\t\t<\/div>\n\t\t\t\t\t<\/div>\n\t\t\t\t<\/div>\n\t\t\t\t<\/div>\n\t\t","protected":false},"excerpt":{"rendered":"<p>Interesse de Vaga Informe os seus dados para entrarmos em contato com voc\u00ea Ative o JavaScript no seu navegador para preencher este formul\u00e1rio.Ative o JavaScript no seu navegador para preencher este formul\u00e1rio.Nome completo do respons\u00e1vel *Telefone para contato *E-mail para contato * Melhor hor\u00e1rio para contato? * Manh\u00e3 Tarde Ambos Como voc\u00ea prefere que a [&hellip;]<\/p>\n","protected":false},"author":1,"featured_media":0,"parent":0,"menu_order":0,"comment_status":"closed","ping_status":"closed","template":"elementor_theme","meta":{"_acf_changed":false,"footnotes":""},"class_list":["post-1356","page","type-page","status-publish","hentry"],"acf":[],"_links":{"self":[{"href":"https:\/\/fluenciadigital.com\/escolanep\/wp-json\/wp\/v2\/pages\/1356","targetHints":{"allow":["GET"]}}],"collection":[{"href":"https:\/\/fluenciadigital.com\/escolanep\/wp-json\/wp\/v2\/pages"}],"about":[{"href":"https:\/\/fluenciadigital.com\/escolanep\/wp-json\/wp\/v2\/types\/page"}],"author":[{"embeddable":true,"href":"https:\/\/fluenciadigital.com\/escolanep\/wp-json\/wp\/v2\/users\/1"}],"replies":[{"embeddable":true,"href":"https:\/\/fluenciadigital.com\/escolanep\/wp-json\/wp\/v2\/comments?post=1356"}],"version-history":[{"count":6,"href":"https:\/\/fluenciadigital.com\/escolanep\/wp-json\/wp\/v2\/pages\/1356\/revisions"}],"predecessor-version":[{"id":1364,"href":"https:\/\/fluenciadigital.com\/escolanep\/wp-json\/wp\/v2\/pages\/1356\/revisions\/1364"}],"wp:attachment":[{"href":"https:\/\/fluenciadigital.com\/escolanep\/wp-json\/wp\/v2\/media?parent=1356"}],"curies":[{"name":"wp","href":"https:\/\/api.w.org\/{rel}","templated":true}]}}