{"id":8,"date":"2024-06-01T13:29:14","date_gmt":"2024-06-01T13:29:14","guid":{"rendered":"http:\/\/nep.local\/?page_id=8"},"modified":"2024-09-26T14:39:58","modified_gmt":"2024-09-26T17:39:58","slug":"landing-page","status":"publish","type":"page","link":"https:\/\/fluenciadigital.com\/escolanep\/","title":{"rendered":"Landing Page"},"content":{"rendered":"\t\t<div data-elementor-type=\"wp-page\" data-elementor-id=\"8\" class=\"elementor elementor-8\" data-elementor-settings=\"{&quot;ha_cmc_init_switcher&quot;:&quot;no&quot;}\">\n\t\t\t\t<div class=\"elementor-element elementor-element-eca2e19 e-con-full e-flex e-con e-parent\" data-id=\"eca2e19\" data-element_type=\"container\" data-settings=\"{&quot;background_background&quot;:&quot;slideshow&quot;,&quot;background_slideshow_gallery&quot;:[{&quot;id&quot;:2098,&quot;url&quot;:&quot;https:\\\/\\\/fluenciadigital.com\\\/escolanep\\\/wp-content\\\/uploads\\\/2024\\\/09\\\/NEPun-71.jpg&quot;}],&quot;background_slideshow_slide_duration&quot;:5000,&quot;background_slideshow_slide_transition&quot;:&quot;fade&quot;,&quot;background_slideshow_transition_duration&quot;:500,&quot;_ha_eqh_enable&quot;:false}\">\n\t\t<div class=\"elementor-element elementor-element-4c0e63a e-con-full e-flex e-con e-child\" data-id=\"4c0e63a\" data-element_type=\"container\" data-settings=\"{&quot;_ha_eqh_enable&quot;:false}\">\n\t\t\t\t<div class=\"elementor-element elementor-element-d44a7ea elementor-widget elementor-widget-heading\" data-id=\"d44a7ea\" data-element_type=\"widget\" data-widget_type=\"heading.default\">\n\t\t\t\t<div class=\"elementor-widget-container\">\n\t\t\t\t\t<h2 class=\"elementor-heading-title elementor-size-default\">Escola NEP<\/h2>\t\t\t\t<\/div>\n\t\t\t\t<\/div>\n\t\t\t\t<div class=\"elementor-element elementor-element-7c62d5d elementor-widget elementor-widget-heading\" data-id=\"7c62d5d\" data-element_type=\"widget\" data-widget_type=\"heading.default\">\n\t\t\t\t<div class=\"elementor-widget-container\">\n\t\t\t\t\t<h1 class=\"elementor-heading-title elementor-size-default\">Seja bem-vindo!<\/h1>\t\t\t\t<\/div>\n\t\t\t\t<\/div>\n\t\t\t\t<div class=\"elementor-element elementor-element-5116b48 elementor-widget elementor-widget-heading\" data-id=\"5116b48\" data-element_type=\"widget\" data-widget_type=\"heading.default\">\n\t\t\t\t<div class=\"elementor-widget-container\">\n\t\t\t\t\t<h3 class=\"elementor-heading-title elementor-size-default\">Estamos felizes em fazer parte da educa\u00e7\u00e3o do seu filho<\/h3>\t\t\t\t<\/div>\n\t\t\t\t<\/div>\n\t\t\t\t<div class=\"elementor-element elementor-element-10c4ee2 elementor-widget elementor-widget-eael-creative-button\" data-id=\"10c4ee2\" data-element_type=\"widget\" data-widget_type=\"eael-creative-button.default\">\n\t\t\t\t<div class=\"elementor-widget-container\">\n\t\t\t\t\t        <div class=\"eael-creative-button-wrapper\">\n\n            <a class=\"eael-creative-button eael-creative-button--rayen\" href=\"https:\/\/docs.google.com\/forms\/d\/e\/1FAIpQLSd9QNNoKqddlk6KicgJnOlTtu3tMJkt8USLY_wEb8kLOQC9EQ\/viewform\" target=\"_blank\" data-text=\"Inscreva-se\" rel=\"noopener noreferrer nofollow\">\n\n\t    \n                <div class=\"creative-button-inner\">\n\n                                            <span class=\"eael-creative-button-icon-left\"><svg aria-hidden=\"true\" class=\"e-font-icon-svg e-fas-pencil-alt\" viewBox=\"0 0 512 512\" xmlns=\"http:\/\/www.w3.org\/2000\/svg\"><path d=\"M497.9 142.1l-46.1 46.1c-4.7 4.7-12.3 4.7-17 0l-111-111c-4.7-4.7-4.7-12.3 0-17l46.1-46.1c18.7-18.7 49.1-18.7 67.9 0l60.1 60.1c18.8 18.7 18.8 49.1 0 67.9zM284.2 99.8L21.6 362.4.4 483.9c-2.9 16.4 11.4 30.6 27.8 27.8l121.5-21.3 262.6-262.6c4.7-4.7 4.7-12.3 0-17l-111-111c-4.8-4.7-12.4-4.7-17.1 0zM124.1 339.9c-5.5-5.5-5.5-14.3 0-19.8l154-154c5.5-5.5 14.3-5.5 19.8 0s5.5 14.3 0 19.8l-154 154c-5.5 5.5-14.3 5.5-19.8 0zM88 424h48v36.3l-64.5 11.3-31.1-31.1L51.7 376H88v48z\"><\/path><\/svg><\/span>                    \n                    <span class=\"cretive-button-text\">Interesse de Vaga<\/span>\n\n                                    <\/div>\n\t                        <\/a>\n        <\/div>\n        \t\t\t\t<\/div>\n\t\t\t\t<\/div>\n\t\t\t\t<\/div>\n\t\t\t\t<\/div>\n\t\t<div class=\"elementor-element elementor-element-aa3737a e-flex e-con-boxed e-con e-parent\" data-id=\"aa3737a\" data-element_type=\"container\" id=\"sobrenep\" data-settings=\"{&quot;background_background&quot;:&quot;classic&quot;,&quot;_ha_eqh_enable&quot;:false}\">\n\t\t\t\t\t<div class=\"e-con-inner\">\n\t\t\t\t<div class=\"elementor-element elementor-element-6efae89 elementor-widget elementor-widget-heading\" data-id=\"6efae89\" data-element_type=\"widget\" data-widget_type=\"heading.default\">\n\t\t\t\t<div class=\"elementor-widget-container\">\n\t\t\t\t\t<h2 class=\"elementor-heading-title elementor-size-default\">Sobre o NEP<\/h2>\t\t\t\t<\/div>\n\t\t\t\t<\/div>\n\t\t\t\t<div class=\"elementor-element elementor-element-ce3e7d7 elementor-widget elementor-widget-heading\" data-id=\"ce3e7d7\" data-element_type=\"widget\" data-widget_type=\"heading.default\">\n\t\t\t\t<div class=\"elementor-widget-container\">\n\t\t\t\t\t<h5 class=\"elementor-heading-title elementor-size-default\">Escolha uma unidade e surpreenda-se:<\/h5>\t\t\t\t<\/div>\n\t\t\t\t<\/div>\n\t\t\t\t\t<\/div>\n\t\t\t\t<\/div>\n\t\t<div class=\"elementor-element elementor-element-830c5ae e-flex e-con-boxed e-con e-parent\" data-id=\"830c5ae\" data-element_type=\"container\" data-settings=\"{&quot;background_background&quot;:&quot;classic&quot;,&quot;_ha_eqh_enable&quot;:false}\">\n\t\t\t\t\t<div class=\"e-con-inner\">\n\t\t<div class=\"elementor-element elementor-element-28d0bbd e-flex e-con-boxed e-con e-child\" data-id=\"28d0bbd\" data-element_type=\"container\" data-settings=\"{&quot;_ha_eqh_enable&quot;:false}\">\n\t\t\t\t\t<div class=\"e-con-inner\">\n\t\t\t\t<div data-ha-element-link=\"{&quot;url&quot;:&quot;https:\\\/\\\/fluenciadigital.com\\\/escolanep\\\/nep-praia-da-costa\\\/&quot;,&quot;is_external&quot;:&quot;&quot;,&quot;nofollow&quot;:&quot;&quot;}\" style=\"cursor: pointer\" class=\"elementor-element elementor-element-073ae2e elementor-widget__width-initial elementor-widget-tablet__width-inherit ha-card--top ha-card--tablet-top ha-card--mobile-top elementor-widget elementor-widget-ha-card happy-addon ha-card\" data-id=\"073ae2e\" data-element_type=\"widget\" data-widget_type=\"ha-card.default\">\n\t\t\t\t<div class=\"elementor-widget-container\">\n\t\t\t\t\t\n\t\t\t\t\t<figure class=\"ha-card-figure\">\n\t\t\t\t<img fetchpriority=\"high\" decoding=\"async\" width=\"800\" height=\"781\" src=\"https:\/\/fluenciadigital.com\/escolanep\/wp-content\/uploads\/2024\/08\/NEP2a-73-1.jpg\" class=\"attachment-large size-large wp-image-1443\" alt=\"\" srcset=\"https:\/\/fluenciadigital.com\/escolanep\/wp-content\/uploads\/2024\/08\/NEP2a-73-1.jpg 1024w, https:\/\/fluenciadigital.com\/escolanep\/wp-content\/uploads\/2024\/08\/NEP2a-73-1-300x293.jpg 300w, https:\/\/fluenciadigital.com\/escolanep\/wp-content\/uploads\/2024\/08\/NEP2a-73-1-768x750.jpg 768w\" sizes=\"(max-width: 800px) 100vw, 800px\" \/>\t\t\t\t\t\t\t\t\t<div class=\"ha-badge ha-badge--top-left\">Educa\u00e7\u00e3o Infantil<br>Ensino Fundamental I e II <br>Per\u00edodo Integral<\/div>\n\t\t\t\t\t\t\t<\/figure>\n\t\t\n\t\t<div class=\"ha-card-body\">\n\n\t\t\t<h2 class=\"ha-card-title\">NEP Praia da Costa<\/h2>\n\t\t\t\t\t\t\t<div class=\"ha-card-text\">\n\t\t\t\t\t<p>\ud83d\udccd R. Dom Jorge de Menezes, 360\n<br>Centro de Vila Velha, Vila Velha - ES<br>\n\ud83d\udcde +55 27 3229-0815<\/p>\n\t\t\t\t<\/div>\n\t\t\t\n\t\t\t<a class=\"ha-btn\" href=\"https:\/\/fluenciadigital.com\/escolanep\/nep-praia-da-costa\/\"><span class=\"ha-btn-text\">Saiba Mais<\/span><\/a>\t\t<\/div>\n\t\t\t\t\t\t<\/div>\n\t\t\t\t<\/div>\n\t\t\t\t\t<\/div>\n\t\t\t\t<\/div>\n\t\t<div class=\"elementor-element elementor-element-81c2be7 e-flex e-con-boxed e-con e-child\" data-id=\"81c2be7\" data-element_type=\"container\" data-settings=\"{&quot;_ha_eqh_enable&quot;:false}\">\n\t\t\t\t\t<div class=\"e-con-inner\">\n\t\t\t\t<div data-ha-element-link=\"{&quot;url&quot;:&quot;https:\\\/\\\/fluenciadigital.com\\\/escolanep\\\/nep-praia-de-itaparica\\\/&quot;,&quot;is_external&quot;:&quot;&quot;,&quot;nofollow&quot;:&quot;&quot;}\" style=\"cursor: pointer\" class=\"elementor-element elementor-element-c51ab58 elementor-widget__width-initial elementor-widget-tablet__width-inherit ha-card--top ha-card--tablet-top ha-card--mobile-top elementor-widget elementor-widget-ha-card happy-addon ha-card\" data-id=\"c51ab58\" data-element_type=\"widget\" data-widget_type=\"ha-card.default\">\n\t\t\t\t<div class=\"elementor-widget-container\">\n\t\t\t\t\t\n\t\t\t\t\t<figure class=\"ha-card-figure\">\n\t\t\t\t<img decoding=\"async\" width=\"683\" height=\"1024\" data-src=\"https:\/\/fluenciadigital.com\/escolanep\/wp-content\/uploads\/2024\/08\/NEP1-115-683x1024.jpg\" class=\"attachment-large size-large wp-image-1447 lazyload\" alt=\"\" data-srcset=\"https:\/\/fluenciadigital.com\/escolanep\/wp-content\/uploads\/2024\/08\/NEP1-115-683x1024.jpg 683w, https:\/\/fluenciadigital.com\/escolanep\/wp-content\/uploads\/2024\/08\/NEP1-115-200x300.jpg 200w, https:\/\/fluenciadigital.com\/escolanep\/wp-content\/uploads\/2024\/08\/NEP1-115-768x1152.jpg 768w, https:\/\/fluenciadigital.com\/escolanep\/wp-content\/uploads\/2024\/08\/NEP1-115.jpg 1024w\" data-sizes=\"(max-width: 683px) 100vw, 683px\" src=\"data:image\/gif;base64,R0lGODlhAQABAAAAACH5BAEKAAEALAAAAAABAAEAAAICTAEAOw==\" style=\"--smush-placeholder-width: 683px; --smush-placeholder-aspect-ratio: 683\/1024;\" \/>\t\t\t\t\t\t\t\t\t<div class=\"ha-badge ha-badge--top-left\">Educa\u00e7\u00e3o Infantil ao Ensino M\u00e9dio<\/div>\n\t\t\t\t\t\t\t<\/figure>\n\t\t\n\t\t<div class=\"ha-card-body\">\n\n\t\t\t<h2 class=\"ha-card-title\">NEP Praia de Itaparica<\/h2>\n\t\t\t\t\t\t\t<div class=\"ha-card-text\">\n\t\t\t\t\t<p>\ud83d\udccd Av. Jo\u00e3o Mendes, 670<br>\nSanta M\u00f4nica, Vila Velha - ES<br>\ud83d\udcde +55 27 3339-2705<\/p>\n\t\t\t\t<\/div>\n\t\t\t\n\t\t\t<a class=\"ha-btn\" href=\"https:\/\/fluenciadigital.com\/escolanep\/nep-praia-de-itaparica\/\"><span class=\"ha-btn-text\">Saiba Mais<\/span><\/a>\t\t<\/div>\n\t\t\t\t\t\t<\/div>\n\t\t\t\t<\/div>\n\t\t\t\t\t<\/div>\n\t\t\t\t<\/div>\n\t\t\t\t\t<\/div>\n\t\t\t\t<\/div>\n\t\t\t\t<\/div>\n\t\t","protected":false},"excerpt":{"rendered":"<p>Escola NEP Seja bem-vindo! Estamos felizes em fazer parte da educa\u00e7\u00e3o do seu filho Interesse de Vaga Sobre o NEP Escolha uma unidade e surpreenda-se: Educa\u00e7\u00e3o InfantilEnsino Fundamental I e II Per\u00edodo Integral NEP Praia da Costa \ud83d\udccd R. Dom Jorge de Menezes, 360 Centro de Vila Velha, Vila Velha &#8211; ES \ud83d\udcde +55 27 [&hellip;]<\/p>\n","protected":false},"author":1,"featured_media":0,"parent":0,"menu_order":0,"comment_status":"closed","ping_status":"closed","template":"elementor_theme","meta":{"_acf_changed":false,"footnotes":""},"class_list":["post-8","page","type-page","status-publish","hentry"],"acf":[],"_links":{"self":[{"href":"https:\/\/fluenciadigital.com\/escolanep\/wp-json\/wp\/v2\/pages\/8","targetHints":{"allow":["GET"]}}],"collection":[{"href":"https:\/\/fluenciadigital.com\/escolanep\/wp-json\/wp\/v2\/pages"}],"about":[{"href":"https:\/\/fluenciadigital.com\/escolanep\/wp-json\/wp\/v2\/types\/page"}],"author":[{"embeddable":true,"href":"https:\/\/fluenciadigital.com\/escolanep\/wp-json\/wp\/v2\/users\/1"}],"replies":[{"embeddable":true,"href":"https:\/\/fluenciadigital.com\/escolanep\/wp-json\/wp\/v2\/comments?post=8"}],"version-history":[{"count":326,"href":"https:\/\/fluenciadigital.com\/escolanep\/wp-json\/wp\/v2\/pages\/8\/revisions"}],"predecessor-version":[{"id":2101,"href":"https:\/\/fluenciadigital.com\/escolanep\/wp-json\/wp\/v2\/pages\/8\/revisions\/2101"}],"wp:attachment":[{"href":"https:\/\/fluenciadigital.com\/escolanep\/wp-json\/wp\/v2\/media?parent=8"}],"curies":[{"name":"wp","href":"https:\/\/api.w.org\/{rel}","templated":true}]}}